{"id":109,"date":"2022-07-08T15:43:38","date_gmt":"2022-07-08T13:43:38","guid":{"rendered":"https:\/\/ladama.fr\/?page_id=109"},"modified":"2026-03-12T16:55:52","modified_gmt":"2026-03-12T15:55:52","slug":"la-carte","status":"publish","type":"page","link":"https:\/\/ladama.fr\/en\/la-carte\/","title":{"rendered":"La carte"},"content":{"rendered":"<section id=\"block_62c834acf995d\" class=\"ladama__page__section__menu\">\n    <div class=\"ladama__page__section__menu__content__container\">\n        <div class=\"ladama__page__section__menu__content\">\n            <div class=\"ladama__page__section__menu__title\">\n                <p><strong>Menu<\/strong> du midi (menu unique)<\/p>\n<p>Depending on the market and the chef's inspiration<\/p>\n<p>&nbsp;<\/p>\n            <\/div>\n            <div class=\"ladama__page__section__menu__details\">\n                                        <div class=\"ladama__page__section__menu__details__one\">\n                            <div class=\"ladama__page__section__menu__details__one__title\">\n                                Starter, main course and dessert                            <\/div>\n                                                            <div class=\"ladama__page__section__menu__details__one__price\">\n                                    25\u00a0\u20ac                                <\/div>\n                                                    <\/div>\n                                            <div class=\"ladama__page__section__menu__details__one\">\n                            <div class=\"ladama__page__section__menu__details__one__title\">\n                                (Servi lundi et vendredi uniquement)                            <\/div>\n                                                    <\/div>\n                                <\/div>\n            <div class=\"ladama__page__section__menu__parties\">\n                                        <div class=\"ladama__page__section__menu__parties__one\">\n                                                                <div class=\"ladama__page__section__menu__parties__one__plat\">\n                                        <div class=\"ladama__page__section__menu__parties__one__plat__nom\">\n                                                                                    <\/div>\n                                        <div class=\"ladama__page__section__menu__parties__one__plat__desc\">\n                                                                                    <\/div>\n                                    <\/div>\n                                    <div class=\"ladama__page__section__menu__parties__one__plat__ou\">\n                                        or\n                                    <\/div>\n                                                        <\/div>\n                                <\/div>\n        <\/div>\n    <\/div>\n<\/section>\n\n<section id=\"block_62c8439cd3fac\" class=\"ladama__page__section__menu\">\n    <div class=\"ladama__page__section__menu__content__container\">\n        <div class=\"ladama__page__section__menu__content\">\n            <div class=\"ladama__page__section__menu__title\">\n                <p><strong>Menu<\/strong> du soir et week-end<\/p>\n            <\/div>\n            <div class=\"ladama__page__section__menu__details\">\n                                        <div class=\"ladama__page__section__menu__details__one\">\n                            <div class=\"ladama__page__section__menu__details__one__title\">\n                                Starter, main course and dessert                            <\/div>\n                                                            <div class=\"ladama__page__section__menu__details__one__price\">\n                                    42\u00a0\u20ac                                <\/div>\n                                                    <\/div>\n                                            <div class=\"ladama__page__section__menu__details__one\">\n                            <div class=\"ladama__page__section__menu__details__one__title\">\n                                4-course surprise menu                            <\/div>\n                                                            <div class=\"ladama__page__section__menu__details__one__price\">\n                                    53\u00a0\u20ac                                <\/div>\n                                                    <\/div>\n                                            <div class=\"ladama__page__section__menu__details__one\">\n                            <div class=\"ladama__page__section__menu__details__one__title\">\n                                4-course surprise menu with cheese                            <\/div>\n                                                            <div class=\"ladama__page__section__menu__details__one__price\">\n                                    58\u00a0\u20ac                                <\/div>\n                                                    <\/div>\n                                <\/div>\n            <div class=\"ladama__page__section__menu__parties\">\n                                        <div class=\"ladama__page__section__menu__parties__one\">\n                                                            <h3 class=\"ladama__page__section__menu__parties__one__title\">Starters<\/h3>\n                                                                <div class=\"ladama__page__section__menu__parties__one__plat\">\n                                        <div class=\"ladama__page__section__menu__parties__one__plat__nom\">\n                                            Salade de Poulpe                                        <\/div>\n                                        <div class=\"ladama__page__section__menu__parties__one__plat__desc\">\n                                            et Pomme de Terre au Romarin, Sel \u00e0 l&rsquo;Orange                                        <\/div>\n                                    <\/div>\n                                    <div class=\"ladama__page__section__menu__parties__one__plat__ou\">\n                                        or\n                                    <\/div>\n                                                                    <div class=\"ladama__page__section__menu__parties__one__plat\">\n                                        <div class=\"ladama__page__section__menu__parties__one__plat__nom\">\n                                            Pasta fresca maison,                                        <\/div>\n                                        <div class=\"ladama__page__section__menu__parties__one__plat__desc\">\n                                            Courge r\u00f4tie, Parmesan, Lardo di Colonnata                                        <\/div>\n                                    <\/div>\n                                    <div class=\"ladama__page__section__menu__parties__one__plat__ou\">\n                                        or\n                                    <\/div>\n                                                        <\/div>\n                                            <div class=\"ladama__page__section__menu__parties__one\">\n                                                            <h3 class=\"ladama__page__section__menu__parties__one__title\">The dishes<\/h3>\n                                                                <div class=\"ladama__page__section__menu__parties__one__plat\">\n                                        <div class=\"ladama__page__section__menu__parties__one__plat__nom\">\n                                            Poisson du march\u00e9,                                        <\/div>\n                                        <div class=\"ladama__page__section__menu__parties__one__plat__desc\">\n                                            L\u00e9gumes du Jardin de Cocagne, Jus d&rsquo;Ar\u00eates aux \u00e9pices douces                                        <\/div>\n                                    <\/div>\n                                    <div class=\"ladama__page__section__menu__parties__one__plat__ou\">\n                                        or\n                                    <\/div>\n                                                                    <div class=\"ladama__page__section__menu__parties__one__plat\">\n                                        <div class=\"ladama__page__section__menu__parties__one__plat__nom\">\n                                            Onglet de Boeuf Black Angus,                                        <\/div>\n                                        <div class=\"ladama__page__section__menu__parties__one__plat__desc\">\n                                            Pur\u00e9e de Carotte au Citron, Jus de viande                                        <\/div>\n                                    <\/div>\n                                    <div class=\"ladama__page__section__menu__parties__one__plat__ou\">\n                                        or\n                                    <\/div>\n                                                        <\/div>\n                                            <div class=\"ladama__page__section__menu__parties__one\">\n                                                            <h3 class=\"ladama__page__section__menu__parties__one__title\">The desserts<\/h3>\n                                                                <div class=\"ladama__page__section__menu__parties__one__plat\">\n                                        <div class=\"ladama__page__section__menu__parties__one__plat__nom\">\n                                            Torta \u00e0 la Ricotta,                                        <\/div>\n                                        <div class=\"ladama__page__section__menu__parties__one__plat__desc\">\n                                            Orange de la Sicile et son sorbet au Campari                                        <\/div>\n                                    <\/div>\n                                    <div class=\"ladama__page__section__menu__parties__one__plat__ou\">\n                                        or\n                                    <\/div>\n                                                                    <div class=\"ladama__page__section__menu__parties__one__plat\">\n                                        <div class=\"ladama__page__section__menu__parties__one__plat__nom\">\n                                            Mousse au Yaourt,                                        <\/div>\n                                        <div class=\"ladama__page__section__menu__parties__one__plat__desc\">\n                                            Poire poch\u00e9e, sorbet au Cacao                                        <\/div>\n                                    <\/div>\n                                    <div class=\"ladama__page__section__menu__parties__one__plat__ou\">\n                                        or\n                                    <\/div>\n                                                        <\/div>\n                                <\/div>\n        <\/div>\n    <\/div>\n<\/section>\n\n<section id=\"block_62cbf47664560\" class=\"ladama__page__section__reservation\">\n        <div class=\"ladama__page__section__reservation__button\"\n         onclick=\"window.location.href='https:\/\/ladama.fr\/en\/reservation\/'\">\n        <div class=\"ladama__page__section__reservation__button__img\">\n            <img decoding=\"async\" src=\"https:\/\/ladama.fr\/wp-content\/themes\/ladama\/assets\/img\/icons\/Reservation_white.svg\">\n        <\/div>\n        <div class=\"ladama__page__section__reservation__button__text\">Reservation<\/div>\n    <\/div>\n<\/section>\n\n<section id=\"block_62cc3786c2702\" class=\"ladama__page__section__galerie\">\n    <div class=\"ladama__page__section__galerie__content\">\n                        <div class=\"ladama__page__section__galerie__image__container\">\n                    <img decoding=\"async\" src=\"https:\/\/ladama.fr\/wp-content\/uploads\/2022\/07\/LaDama-07625-scaled.jpg\" alt=\"\">\n                <\/div>\n                            <div class=\"ladama__page__section__galerie__image__container\">\n                    <img decoding=\"async\" src=\"https:\/\/ladama.fr\/wp-content\/uploads\/2022\/07\/LaDama-07290-scaled.jpg\" alt=\"\">\n                <\/div>\n                            <div class=\"ladama__page__section__galerie__image__container\">\n                    <img decoding=\"async\" src=\"https:\/\/ladama.fr\/wp-content\/uploads\/2022\/07\/LaDama-07297-scaled.jpg\" alt=\"\">\n                <\/div>\n                            <div class=\"ladama__page__section__galerie__image__container\">\n                    <img decoding=\"async\" src=\"https:\/\/ladama.fr\/wp-content\/uploads\/2022\/07\/LaDama-07365-scaled.jpg\" alt=\"\">\n                <\/div>\n                            <div class=\"ladama__page__section__galerie__image__container\">\n                    <img decoding=\"async\" src=\"https:\/\/ladama.fr\/wp-content\/uploads\/2022\/07\/LaDama-07239-scaled.jpg\" alt=\"\">\n                <\/div>\n                            <div class=\"ladama__page__section__galerie__image__container\">\n                    <img decoding=\"async\" src=\"https:\/\/ladama.fr\/wp-content\/uploads\/2022\/07\/Capture-de\u0301cran-1-2.png\" alt=\"\">\n                <\/div>\n                            <div class=\"ladama__page__section__galerie__image__container\">\n                    <img decoding=\"async\" src=\"https:\/\/ladama.fr\/wp-content\/uploads\/2022\/07\/Capture-de\u0301cran-4-1.png\" alt=\"\">\n                <\/div>\n                            <div class=\"ladama__page__section__galerie__image__container\">\n                    <img decoding=\"async\" src=\"https:\/\/ladama.fr\/wp-content\/uploads\/2022\/07\/Capture-de\u0301cran-2-1.png\" alt=\"\">\n                <\/div>\n                            <div class=\"ladama__page__section__galerie__image__container\">\n                    <img decoding=\"async\" src=\"https:\/\/ladama.fr\/wp-content\/uploads\/2022\/07\/Capture-de\u0301cran-3-1.png\" alt=\"\">\n                <\/div>\n                            <div class=\"ladama__page__section__galerie__image__container\">\n                    <img decoding=\"async\" src=\"https:\/\/ladama.fr\/wp-content\/uploads\/2022\/07\/Capture-de\u0301cran-5.png\" alt=\"\">\n                <\/div>\n                <\/div>\n<\/section>","protected":false},"excerpt":{"rendered":"","protected":false},"author":1,"featured_media":0,"parent":0,"menu_order":0,"comment_status":"closed","ping_status":"closed","template":"templates-pages\/template-default.php","meta":{"footnotes":""},"class_list":["post-109","page","type-page","status-publish","hentry"],"acf":[],"yoast_head":"<!-- This site is optimized with the Yoast SEO plugin v19.4 - https:\/\/yoast.com\/wordpress\/plugins\/seo\/ -->\n<title>La Dama | La carte<\/title>\n<meta name=\"description\" content=\"Produits locaux, vins italiens et fran\u00e7ais, vins nature, cuisine revisit\u00e9e... vivez une exp\u00e9rience gastronomique moderne au La Dama restaurant.\" \/>\n<meta name=\"robots\" content=\"index, follow, max-snippet:-1, max-image-preview:large, max-video-preview:-1\" \/>\n<link rel=\"canonical\" href=\"https:\/\/ladama.fr\/en\/la-carte\/\" \/>\n<meta property=\"og:locale\" content=\"en_GB\" \/>\n<meta property=\"og:type\" content=\"article\" \/>\n<meta property=\"og:title\" content=\"La Dama | La carte\" \/>\n<meta property=\"og:description\" content=\"Produits locaux, vins italiens et fran\u00e7ais, vins nature, cuisine revisit\u00e9e... vivez une exp\u00e9rience gastronomique moderne au La Dama restaurant.\" \/>\n<meta property=\"og:url\" content=\"https:\/\/ladama.fr\/en\/la-carte\/\" \/>\n<meta property=\"og:site_name\" content=\"La Dama\" \/>\n<meta property=\"article:publisher\" content=\"https:\/\/www.facebook.com\/restaurantchateaudespoccards\" \/>\n<meta property=\"article:modified_time\" content=\"2026-03-12T15:55:52+00:00\" \/>\n<meta name=\"twitter:card\" content=\"summary_large_image\" \/>\n<script type=\"application\/ld+json\" class=\"yoast-schema-graph\">{\"@context\":\"https:\/\/schema.org\",\"@graph\":[{\"@type\":\"Organization\",\"@id\":\"https:\/\/ladama.fr\/#organization\",\"name\":\"La Dama restaurant\",\"url\":\"https:\/\/ladama.fr\/\",\"sameAs\":[\"https:\/\/www.instagram.com\/restaurant_ladama\/\",\"https:\/\/www.facebook.com\/restaurantchateaudespoccards\"],\"logo\":{\"@type\":\"ImageObject\",\"inLanguage\":\"en-GB\",\"@id\":\"https:\/\/ladama.fr\/#\/schema\/logo\/image\/\",\"url\":\"https:\/\/ladama.fr\/wp-content\/uploads\/2022\/07\/cropped-Sans-titre-1.png\",\"contentUrl\":\"https:\/\/ladama.fr\/wp-content\/uploads\/2022\/07\/cropped-Sans-titre-1.png\",\"width\":512,\"height\":512,\"caption\":\"La Dama restaurant\"},\"image\":{\"@id\":\"https:\/\/ladama.fr\/#\/schema\/logo\/image\/\"}},{\"@type\":\"WebSite\",\"@id\":\"https:\/\/ladama.fr\/#website\",\"url\":\"https:\/\/ladama.fr\/\",\"name\":\"La Dama\",\"description\":\"Le restaurant de Davide et Marion \u00e0 M\u00e2con\",\"publisher\":{\"@id\":\"https:\/\/ladama.fr\/#organization\"},\"potentialAction\":[{\"@type\":\"SearchAction\",\"target\":{\"@type\":\"EntryPoint\",\"urlTemplate\":\"https:\/\/ladama.fr\/?s={search_term_string}\"},\"query-input\":\"required name=search_term_string\"}],\"inLanguage\":\"en-GB\"},{\"@type\":\"WebPage\",\"@id\":\"https:\/\/ladama.fr\/la-carte\/\",\"url\":\"https:\/\/ladama.fr\/la-carte\/\",\"name\":\"La Dama | La carte\",\"isPartOf\":{\"@id\":\"https:\/\/ladama.fr\/#website\"},\"datePublished\":\"2022-07-08T13:43:38+00:00\",\"dateModified\":\"2026-03-12T15:55:52+00:00\",\"description\":\"Produits locaux, vins italiens et fran\u00e7ais, vins nature, cuisine revisit\u00e9e... vivez une exp\u00e9rience gastronomique moderne au La Dama restaurant.\",\"breadcrumb\":{\"@id\":\"https:\/\/ladama.fr\/la-carte\/#breadcrumb\"},\"inLanguage\":\"en-GB\",\"potentialAction\":[{\"@type\":\"ReadAction\",\"target\":[\"https:\/\/ladama.fr\/la-carte\/\"]}]},{\"@type\":\"BreadcrumbList\",\"@id\":\"https:\/\/ladama.fr\/la-carte\/#breadcrumb\",\"itemListElement\":[{\"@type\":\"ListItem\",\"position\":1,\"name\":\"Accueil\",\"item\":\"https:\/\/ladama.fr\/\"},{\"@type\":\"ListItem\",\"position\":2,\"name\":\"La carte\"}]}]}<\/script>\n<!-- \/ Yoast SEO plugin. -->","yoast_head_json":{"title":"La Dama | La carte","description":"Produits locaux, vins italiens et fran\u00e7ais, vins nature, cuisine revisit\u00e9e... vivez une exp\u00e9rience gastronomique moderne au La Dama restaurant.","robots":{"index":"index","follow":"follow","max-snippet":"max-snippet:-1","max-image-preview":"max-image-preview:large","max-video-preview":"max-video-preview:-1"},"canonical":"https:\/\/ladama.fr\/en\/la-carte\/","og_locale":"en_GB","og_type":"article","og_title":"La Dama | La carte","og_description":"Produits locaux, vins italiens et fran\u00e7ais, vins nature, cuisine revisit\u00e9e... vivez une exp\u00e9rience gastronomique moderne au La Dama restaurant.","og_url":"https:\/\/ladama.fr\/en\/la-carte\/","og_site_name":"La Dama","article_publisher":"https:\/\/www.facebook.com\/restaurantchateaudespoccards","article_modified_time":"2026-03-12T15:55:52+00:00","twitter_card":"summary_large_image","schema":{"@context":"https:\/\/schema.org","@graph":[{"@type":"Organization","@id":"https:\/\/ladama.fr\/#organization","name":"La Dama restaurant","url":"https:\/\/ladama.fr\/","sameAs":["https:\/\/www.instagram.com\/restaurant_ladama\/","https:\/\/www.facebook.com\/restaurantchateaudespoccards"],"logo":{"@type":"ImageObject","inLanguage":"en-GB","@id":"https:\/\/ladama.fr\/#\/schema\/logo\/image\/","url":"https:\/\/ladama.fr\/wp-content\/uploads\/2022\/07\/cropped-Sans-titre-1.png","contentUrl":"https:\/\/ladama.fr\/wp-content\/uploads\/2022\/07\/cropped-Sans-titre-1.png","width":512,"height":512,"caption":"La Dama restaurant"},"image":{"@id":"https:\/\/ladama.fr\/#\/schema\/logo\/image\/"}},{"@type":"WebSite","@id":"https:\/\/ladama.fr\/#website","url":"https:\/\/ladama.fr\/","name":"La Dama","description":"Le restaurant de Davide et Marion \u00e0 M\u00e2con","publisher":{"@id":"https:\/\/ladama.fr\/#organization"},"potentialAction":[{"@type":"SearchAction","target":{"@type":"EntryPoint","urlTemplate":"https:\/\/ladama.fr\/?s={search_term_string}"},"query-input":"required name=search_term_string"}],"inLanguage":"en-GB"},{"@type":"WebPage","@id":"https:\/\/ladama.fr\/la-carte\/","url":"https:\/\/ladama.fr\/la-carte\/","name":"La Dama | La carte","isPartOf":{"@id":"https:\/\/ladama.fr\/#website"},"datePublished":"2022-07-08T13:43:38+00:00","dateModified":"2026-03-12T15:55:52+00:00","description":"Produits locaux, vins italiens et fran\u00e7ais, vins nature, cuisine revisit\u00e9e... vivez une exp\u00e9rience gastronomique moderne au La Dama restaurant.","breadcrumb":{"@id":"https:\/\/ladama.fr\/la-carte\/#breadcrumb"},"inLanguage":"en-GB","potentialAction":[{"@type":"ReadAction","target":["https:\/\/ladama.fr\/la-carte\/"]}]},{"@type":"BreadcrumbList","@id":"https:\/\/ladama.fr\/la-carte\/#breadcrumb","itemListElement":[{"@type":"ListItem","position":1,"name":"Accueil","item":"https:\/\/ladama.fr\/"},{"@type":"ListItem","position":2,"name":"La carte"}]}]}},"_links":{"self":[{"href":"https:\/\/ladama.fr\/en\/wp-json\/wp\/v2\/pages\/109","targetHints":{"allow":["GET"]}}],"collection":[{"href":"https:\/\/ladama.fr\/en\/wp-json\/wp\/v2\/pages"}],"about":[{"href":"https:\/\/ladama.fr\/en\/wp-json\/wp\/v2\/types\/page"}],"author":[{"embeddable":true,"href":"https:\/\/ladama.fr\/en\/wp-json\/wp\/v2\/users\/1"}],"replies":[{"embeddable":true,"href":"https:\/\/ladama.fr\/en\/wp-json\/wp\/v2\/comments?post=109"}],"version-history":[{"count":252,"href":"https:\/\/ladama.fr\/en\/wp-json\/wp\/v2\/pages\/109\/revisions"}],"predecessor-version":[{"id":151215,"href":"https:\/\/ladama.fr\/en\/wp-json\/wp\/v2\/pages\/109\/revisions\/151215"}],"wp:attachment":[{"href":"https:\/\/ladama.fr\/en\/wp-json\/wp\/v2\/media?parent=109"}],"curies":[{"name":"wp","href":"https:\/\/api.w.org\/{rel}","templated":true}]}}