{"id":238,"date":"2022-07-12T15:49:23","date_gmt":"2022-07-12T13:49:23","guid":{"rendered":"https:\/\/ladama.fr\/?page_id=238"},"modified":"2022-07-26T19:13:35","modified_gmt":"2022-07-26T17:13:35","slug":"galerie-photo","status":"publish","type":"page","link":"https:\/\/ladama.fr\/en\/galerie-photo\/","title":{"rendered":"Photo gallery"},"content":{"rendered":"<section id=\"block_62cd7e07e59c3\" class=\"ladama__page__section__galerie\">\n    <div class=\"ladama__page__section__galerie__content\">\n                        <div class=\"ladama__page__section__galerie__image__container\">\n                    <img decoding=\"async\" src=\"https:\/\/ladama.fr\/wp-content\/uploads\/2022\/07\/Capture-de\u0301cran-1-2.png\" alt=\"\">\n                <\/div>\n                            <div class=\"ladama__page__section__galerie__image__container\">\n                    <img decoding=\"async\" src=\"https:\/\/ladama.fr\/wp-content\/uploads\/2022\/07\/Capture-de\u0301cran-4.png\" alt=\"\">\n                <\/div>\n                            <div class=\"ladama__page__section__galerie__image__container\">\n                    <img decoding=\"async\" src=\"https:\/\/ladama.fr\/wp-content\/uploads\/2022\/07\/LaDama-07544-scaled.jpg\" alt=\"\">\n                <\/div>\n                            <div class=\"ladama__page__section__galerie__image__container\">\n                    <img decoding=\"async\" src=\"https:\/\/ladama.fr\/wp-content\/uploads\/2022\/07\/LaDama-07367-scaled.jpg\" alt=\"\">\n                <\/div>\n                            <div class=\"ladama__page__section__galerie__image__container\">\n                    <img decoding=\"async\" src=\"https:\/\/ladama.fr\/wp-content\/uploads\/2022\/07\/LaDama-2-retouche\u0301e-scaled-e1658847477673.jpg\" alt=\"\">\n                <\/div>\n                            <div class=\"ladama__page__section__galerie__image__container\">\n                    <img decoding=\"async\" src=\"https:\/\/ladama.fr\/wp-content\/uploads\/2022\/07\/Capture-de\u0301cran-2.png\" alt=\"\">\n                <\/div>\n                            <div class=\"ladama__page__section__galerie__image__container\">\n                    <img decoding=\"async\" src=\"https:\/\/ladama.fr\/wp-content\/uploads\/2022\/07\/Capture-de\u0301cran-3-1.png\" alt=\"\">\n                <\/div>\n                            <div class=\"ladama__page__section__galerie__image__container\">\n                    <img decoding=\"async\" src=\"https:\/\/ladama.fr\/wp-content\/uploads\/2022\/07\/LaDama-07687-scaled.jpg\" alt=\"\">\n                <\/div>\n                            <div class=\"ladama__page__section__galerie__image__container\">\n                    <img decoding=\"async\" src=\"https:\/\/ladama.fr\/wp-content\/uploads\/2022\/07\/LaDama-07679-retouche\u0301e-scaled.jpg\" alt=\"\">\n                <\/div>\n                            <div class=\"ladama__page__section__galerie__image__container\">\n                    <img decoding=\"async\" src=\"https:\/\/ladama.fr\/wp-content\/uploads\/2022\/07\/LaDama-07613-scaled.jpg\" alt=\"\">\n                <\/div>\n                            <div class=\"ladama__page__section__galerie__image__container\">\n                    <img decoding=\"async\" src=\"https:\/\/ladama.fr\/wp-content\/uploads\/2022\/07\/LaDama-07294-scaled.jpg\" alt=\"\">\n                <\/div>\n                            <div class=\"ladama__page__section__galerie__image__container\">\n                    <img decoding=\"async\" src=\"https:\/\/ladama.fr\/wp-content\/uploads\/2022\/07\/Capture-de\u0301cran-2022-06-21-a\u0300-15.58.45-2.png\" alt=\"\">\n                <\/div>\n                            <div class=\"ladama__page__section__galerie__image__container\">\n                    <img decoding=\"async\" src=\"https:\/\/ladama.fr\/wp-content\/uploads\/2022\/07\/Capture-de\u0301cran-2-1.png\" alt=\"\">\n                <\/div>\n                            <div class=\"ladama__page__section__galerie__image__container\">\n                    <img decoding=\"async\" src=\"https:\/\/ladama.fr\/wp-content\/uploads\/2022\/07\/Capture-de\u0301cran-6.png\" alt=\"\">\n                <\/div>\n                            <div class=\"ladama__page__section__galerie__image__container\">\n                    <img decoding=\"async\" src=\"https:\/\/ladama.fr\/wp-content\/uploads\/2022\/07\/Capture-de\u0301cran-5.png\" alt=\"\">\n                <\/div>\n                <\/div>\n<\/section>","protected":false},"excerpt":{"rendered":"","protected":false},"author":1,"featured_media":0,"parent":0,"menu_order":0,"comment_status":"closed","ping_status":"closed","template":"templates-pages\/template-default.php","meta":{"footnotes":""},"class_list":["post-238","page","type-page","status-publish","hentry"],"acf":[],"yoast_head":"<!-- This site is optimized with the Yoast SEO plugin v19.4 - https:\/\/yoast.com\/wordpress\/plugins\/seo\/ -->\n<title>La Dama | Galerie photo<\/title>\n<meta name=\"description\" content=\"La Dama restaurant, le nouveau &quot;gastro moderne&quot; de Davide et Marion, au centre-ville de M\u00e2con. Produits locaux, vins italiens et fran\u00e7ais, vins nature, cuisine revisit\u00e9e... vivez une exp\u00e9rience unique.\" \/>\n<meta name=\"robots\" content=\"index, follow, max-snippet:-1, max-image-preview:large, max-video-preview:-1\" \/>\n<link rel=\"canonical\" href=\"https:\/\/ladama.agencealbum.com\/galerie-photo\/\" \/>\n<meta property=\"og:locale\" content=\"en_GB\" \/>\n<meta property=\"og:type\" content=\"article\" \/>\n<meta property=\"og:title\" content=\"La Dama | Galerie photo\" \/>\n<meta property=\"og:description\" content=\"La Dama restaurant, le nouveau &quot;gastro moderne&quot; de Davide et Marion, au centre-ville de M\u00e2con. Produits locaux, vins italiens et fran\u00e7ais, vins nature, cuisine revisit\u00e9e... vivez une exp\u00e9rience unique.\" \/>\n<meta property=\"og:url\" content=\"https:\/\/ladama.agencealbum.com\/galerie-photo\/\" \/>\n<meta property=\"og:site_name\" content=\"La Dama\" \/>\n<meta property=\"article:publisher\" content=\"https:\/\/www.facebook.com\/restaurantchateaudespoccards\" \/>\n<meta property=\"article:modified_time\" content=\"2022-07-26T17:13:35+00:00\" \/>\n<meta name=\"twitter:card\" content=\"summary_large_image\" \/>\n<script type=\"application\/ld+json\" class=\"yoast-schema-graph\">{\"@context\":\"https:\/\/schema.org\",\"@graph\":[{\"@type\":\"Organization\",\"@id\":\"https:\/\/ladama.fr\/#organization\",\"name\":\"La Dama restaurant\",\"url\":\"https:\/\/ladama.fr\/\",\"sameAs\":[\"https:\/\/www.instagram.com\/restaurant_ladama\/\",\"https:\/\/www.facebook.com\/restaurantchateaudespoccards\"],\"logo\":{\"@type\":\"ImageObject\",\"inLanguage\":\"en-GB\",\"@id\":\"https:\/\/ladama.fr\/#\/schema\/logo\/image\/\",\"url\":\"https:\/\/ladama.fr\/wp-content\/uploads\/2022\/07\/cropped-Sans-titre-1.png\",\"contentUrl\":\"https:\/\/ladama.fr\/wp-content\/uploads\/2022\/07\/cropped-Sans-titre-1.png\",\"width\":512,\"height\":512,\"caption\":\"La Dama restaurant\"},\"image\":{\"@id\":\"https:\/\/ladama.fr\/#\/schema\/logo\/image\/\"}},{\"@type\":\"WebSite\",\"@id\":\"https:\/\/ladama.fr\/#website\",\"url\":\"https:\/\/ladama.fr\/\",\"name\":\"La Dama\",\"description\":\"Le restaurant de Davide et Marion \u00e0 M\u00e2con\",\"publisher\":{\"@id\":\"https:\/\/ladama.fr\/#organization\"},\"potentialAction\":[{\"@type\":\"SearchAction\",\"target\":{\"@type\":\"EntryPoint\",\"urlTemplate\":\"https:\/\/ladama.fr\/?s={search_term_string}\"},\"query-input\":\"required name=search_term_string\"}],\"inLanguage\":\"en-GB\"},{\"@type\":\"WebPage\",\"@id\":\"https:\/\/ladama.agencealbum.com\/galerie-photo\/\",\"url\":\"https:\/\/ladama.agencealbum.com\/galerie-photo\/\",\"name\":\"La Dama | Galerie photo\",\"isPartOf\":{\"@id\":\"https:\/\/ladama.fr\/#website\"},\"datePublished\":\"2022-07-12T13:49:23+00:00\",\"dateModified\":\"2022-07-26T17:13:35+00:00\",\"description\":\"La Dama restaurant, le nouveau \\\"gastro moderne\\\" de Davide et Marion, au centre-ville de M\u00e2con. Produits locaux, vins italiens et fran\u00e7ais, vins nature, cuisine revisit\u00e9e... vivez une exp\u00e9rience unique.\",\"breadcrumb\":{\"@id\":\"https:\/\/ladama.agencealbum.com\/galerie-photo\/#breadcrumb\"},\"inLanguage\":\"en-GB\",\"potentialAction\":[{\"@type\":\"ReadAction\",\"target\":[\"https:\/\/ladama.agencealbum.com\/galerie-photo\/\"]}]},{\"@type\":\"BreadcrumbList\",\"@id\":\"https:\/\/ladama.agencealbum.com\/galerie-photo\/#breadcrumb\",\"itemListElement\":[{\"@type\":\"ListItem\",\"position\":1,\"name\":\"Accueil\",\"item\":\"https:\/\/ladama.fr\/\"},{\"@type\":\"ListItem\",\"position\":2,\"name\":\"Galerie photo\"}]}]}<\/script>\n<!-- \/ Yoast SEO plugin. -->","yoast_head_json":{"title":"La Dama | Galerie photo","description":"La Dama restaurant, le nouveau \"gastro moderne\" de Davide et Marion, au centre-ville de M\u00e2con. Produits locaux, vins italiens et fran\u00e7ais, vins nature, cuisine revisit\u00e9e... vivez une exp\u00e9rience unique.","robots":{"index":"index","follow":"follow","max-snippet":"max-snippet:-1","max-image-preview":"max-image-preview:large","max-video-preview":"max-video-preview:-1"},"canonical":"https:\/\/ladama.agencealbum.com\/galerie-photo\/","og_locale":"en_GB","og_type":"article","og_title":"La Dama | Galerie photo","og_description":"La Dama restaurant, le nouveau \"gastro moderne\" de Davide et Marion, au centre-ville de M\u00e2con. Produits locaux, vins italiens et fran\u00e7ais, vins nature, cuisine revisit\u00e9e... vivez une exp\u00e9rience unique.","og_url":"https:\/\/ladama.agencealbum.com\/galerie-photo\/","og_site_name":"La Dama","article_publisher":"https:\/\/www.facebook.com\/restaurantchateaudespoccards","article_modified_time":"2022-07-26T17:13:35+00:00","twitter_card":"summary_large_image","schema":{"@context":"https:\/\/schema.org","@graph":[{"@type":"Organization","@id":"https:\/\/ladama.fr\/#organization","name":"La Dama restaurant","url":"https:\/\/ladama.fr\/","sameAs":["https:\/\/www.instagram.com\/restaurant_ladama\/","https:\/\/www.facebook.com\/restaurantchateaudespoccards"],"logo":{"@type":"ImageObject","inLanguage":"en-GB","@id":"https:\/\/ladama.fr\/#\/schema\/logo\/image\/","url":"https:\/\/ladama.fr\/wp-content\/uploads\/2022\/07\/cropped-Sans-titre-1.png","contentUrl":"https:\/\/ladama.fr\/wp-content\/uploads\/2022\/07\/cropped-Sans-titre-1.png","width":512,"height":512,"caption":"La Dama restaurant"},"image":{"@id":"https:\/\/ladama.fr\/#\/schema\/logo\/image\/"}},{"@type":"WebSite","@id":"https:\/\/ladama.fr\/#website","url":"https:\/\/ladama.fr\/","name":"La Dama","description":"Le restaurant de Davide et Marion \u00e0 M\u00e2con","publisher":{"@id":"https:\/\/ladama.fr\/#organization"},"potentialAction":[{"@type":"SearchAction","target":{"@type":"EntryPoint","urlTemplate":"https:\/\/ladama.fr\/?s={search_term_string}"},"query-input":"required name=search_term_string"}],"inLanguage":"en-GB"},{"@type":"WebPage","@id":"https:\/\/ladama.agencealbum.com\/galerie-photo\/","url":"https:\/\/ladama.agencealbum.com\/galerie-photo\/","name":"La Dama | Galerie photo","isPartOf":{"@id":"https:\/\/ladama.fr\/#website"},"datePublished":"2022-07-12T13:49:23+00:00","dateModified":"2022-07-26T17:13:35+00:00","description":"La Dama restaurant, le nouveau \"gastro moderne\" de Davide et Marion, au centre-ville de M\u00e2con. Produits locaux, vins italiens et fran\u00e7ais, vins nature, cuisine revisit\u00e9e... vivez une exp\u00e9rience unique.","breadcrumb":{"@id":"https:\/\/ladama.agencealbum.com\/galerie-photo\/#breadcrumb"},"inLanguage":"en-GB","potentialAction":[{"@type":"ReadAction","target":["https:\/\/ladama.agencealbum.com\/galerie-photo\/"]}]},{"@type":"BreadcrumbList","@id":"https:\/\/ladama.agencealbum.com\/galerie-photo\/#breadcrumb","itemListElement":[{"@type":"ListItem","position":1,"name":"Accueil","item":"https:\/\/ladama.fr\/"},{"@type":"ListItem","position":2,"name":"Galerie photo"}]}]}},"_links":{"self":[{"href":"https:\/\/ladama.fr\/en\/wp-json\/wp\/v2\/pages\/238","targetHints":{"allow":["GET"]}}],"collection":[{"href":"https:\/\/ladama.fr\/en\/wp-json\/wp\/v2\/pages"}],"about":[{"href":"https:\/\/ladama.fr\/en\/wp-json\/wp\/v2\/types\/page"}],"author":[{"embeddable":true,"href":"https:\/\/ladama.fr\/en\/wp-json\/wp\/v2\/users\/1"}],"replies":[{"embeddable":true,"href":"https:\/\/ladama.fr\/en\/wp-json\/wp\/v2\/comments?post=238"}],"version-history":[{"count":10,"href":"https:\/\/ladama.fr\/en\/wp-json\/wp\/v2\/pages\/238\/revisions"}],"predecessor-version":[{"id":375,"href":"https:\/\/ladama.fr\/en\/wp-json\/wp\/v2\/pages\/238\/revisions\/375"}],"wp:attachment":[{"href":"https:\/\/ladama.fr\/en\/wp-json\/wp\/v2\/media?parent=238"}],"curies":[{"name":"wp","href":"https:\/\/api.w.org\/{rel}","templated":true}]}}