{"id":9,"date":"2022-07-05T10:18:16","date_gmt":"2022-07-05T08:18:16","guid":{"rendered":"https:\/\/ladama.fr\/?page_id=9"},"modified":"2026-02-10T14:32:09","modified_gmt":"2026-02-10T13:32:09","slug":"accueil","status":"publish","type":"page","link":"https:\/\/ladama.fr\/it\/","title":{"rendered":"Accueil"},"content":{"rendered":"<section id=\"block_62c40d93f5748\" class=\"ladama__page__section__actus\">\n    <div class=\"ladama__page__section__actus__content__container\">\n        <div class=\"ladama__page__section__actus__content\">\n                            <div class=\"ladama__page__section__actus__title\">le notizie<\/div>\n            \n            <div class=\"ladama__page__section__actus__carousel__container\">\n                                        <div class=\"ladama__page__section__actus__carousel__one\">\n                            <div class=\"ladama__page__section__actus__carousel__one__left\">\n                                                                <img decoding=\"async\" src=\"https:\/\/ladama.fr\/wp-content\/uploads\/2022\/07\/LaDama-07550-scaled.jpg\" alt=\"\">\n                            <\/div>\n                            <div class=\"ladama__page__section__actus__carousel__one__right\">\n                                <div class=\"ladama__page__section__actus__carousel__one__title\">\n                                    R\u00e9ouverture                                <\/div>\n                                <div class=\"ladama__page__section__actus__carousel__one__text\">\n                                    <p>Bonjour,<\/p>\n<p>Voil\u00e0, apr\u00e8s 7 mois et demi de repos forc\u00e9, nous sommes de retour!!!<\/p>\n<p>Nous r\u00e9ouvrons le jeudi 12 f\u00e9vrier pour le d\u00eener.<\/p>\n<p>Nous gardons les m\u00eames horaires d&rsquo;ouverture:<\/p>\n<p>Lundi midi et soir<\/p>\n<p>Jeudi soir<\/p>\n<p>Vendredi midi et soir<\/p>\n<p>Samedi midi et soir<\/p>\n<p>Dimanche soir<\/p>\n<p>&nbsp;<\/p>\n<p>Vous pouvez nous contacter par t\u00e9l\u00e9phone, mail ou en venant nous faire un coucou au restaurant !<\/p>\n<p>Au plaisir de vous accueillir tr\u00e8s prochainement!<\/p>\n<p>Davide&amp;Marion<\/p>\n                                <\/div>\n                            <\/div>\n                        <\/div>\n                                            <div class=\"ladama__page__section__actus__carousel__one\">\n                            <div class=\"ladama__page__section__actus__carousel__one__left\">\n                                                                <img decoding=\"async\" src=\"https:\/\/ladama.fr\/wp-content\/uploads\/2022\/07\/Groupe-de-masques-4.png\" alt=\"\">\n                            <\/div>\n                            <div class=\"ladama__page__section__actus__carousel__one__right\">\n                                <div class=\"ladama__page__section__actus__carousel__one__title\">\n                                    Le Clos des Terrasses                                <\/div>\n                                <div class=\"ladama__page__section__actus__carousel__one__text\">\n                                    <p>Le restaurant \u00e9ph\u00e9m\u00e8re dans les vignes, face \u00e0 la Roche de Solutr\u00e9 est ouvert pour quelques dates l&rsquo;\u00e9t\u00e9&#8230;Il ne reste plus beaucoup de disponibilit\u00e9, alors si \u00e7a vous tente : <a href=\"https:\/\/www.laterrasseduclos.com\/\" target=\"_blank\" rel=\"noopener\">la terrasse du clos<\/a><\/p>\n                                <\/div>\n                            <\/div>\n                        <\/div>\n                                <\/div>\n            <div class=\"ladama__page__section__actus__carousel__arrow ladama__page__section__actus__carousel__arrow__left\">\n                <span class=\"iconify\" data-icon=\"bytesize:chevron-left\" data-inline=\"false\"><\/span>\n            <\/div>\n            <div class=\"ladama__page__section__actus__carousel__arrow ladama__page__section__actus__carousel__arrow__right\">\n                <span class=\"iconify\" data-icon=\"bytesize:chevron-right\" data-inline=\"false\"><\/span>\n            <\/div>\n        <\/div>\n    <\/div>\n<\/section>\n\n<section id=\"block_62c44bdf799bc\" class=\"ladama__page__section__article\">\n    <div class=\"ladama__page__section__article__content\">\n        <div class=\"ladama__page__section__article__title\"><p><strong>Davide<\/strong> &amp; <strong>Marion,<\/strong><\/p>\n<\/div>\n                    <div class=\"ladama__page__section__article__subtitle\">una storia di \"signora\"<\/div>\n                <div class=\"ladama__page__section__article__text\">\n            <p>Lui, un vero italiano, non condivide la sua cucina! Lei, con il sorriso sempre sulle labbra, passa da un tavolo all'altro, con una parola premurosa per ognuno dei suoi ospiti. Hanno 60 anni in due \nma hanno gi\u00e0 fatto le loro prove. Eppure hanno gi\u00e0 \"tirato il fiato\". Si sono conosciuti da Georges Blanc... Non si sono mai lasciati. Dopo lo Ch\u00e2teau des Poccards, hanno trovato questo piccolo nido accogliente che hanno chiamato \"La DaMa\"... come Davide &amp; Marion.<\/p>\n<p>&nbsp;<\/p>\n<p>Un nome grazioso, che in Italia significa \"La Signora\". In Italia, la donna sorride sempre, ma non lo lascia mai al caso! \u00c8 cos\u00ec anche per \"La Dama\": sceglie i prodotti al mercato quotidiano e sviluppa le sue ricette segrete con rigore e maestria. La sua cucina \u00e8 precisa, le sue salse giuste e ogni piatto \u00e8 una delizia! Accoglie, abbina i vini e presenta ogni piatto con giubilo. L'annuncio di ogni piatto \u00e8 musica per le orecchie e fa subito venire voglia di scoprire i sapori che il marito chef ha preparato.<\/p>\n<p>&nbsp;<\/p>\n<p>\"La Dama\" \u00e8 anche un omaggio alla \"nonna\" di Davide, che gli ha trasmesso tutte le sue ricette, che lui rivisita affinch\u00e9 ogni ospite possa vivere un'esperienza unica.<\/p>\n                <div class=\"ladama__page__section__article__text__section__link__container\">                            <div class=\"ladama__page__section__article__text__section__link\"><\/div>\n                                        <\/div>\n                    <\/div>\n        <div class=\"ladama__page__section__article__gallery\">\n                                <img decoding=\"async\" src=\"https:\/\/ladama.fr\/wp-content\/uploads\/2022\/07\/LaDama-07544-scaled.jpg\" alt=\"\"\n                         class=\"ladama__page__section__article__gallery__image\">\n                                    <img decoding=\"async\" src=\"https:\/\/ladama.fr\/wp-content\/uploads\/2022\/07\/Capture-de\u0301cran-1-e1658849794185.png\" alt=\"\"\n                         class=\"ladama__page__section__article__gallery__image\">\n                        <\/div>\n    <\/div>\n<\/section>\n\n<section id=\"block_62c454dac5998\" class=\"ladama__page__section__article\">\n    <div class=\"ladama__page__section__article__content\">\n        <div class=\"ladama__page__section__article__title\"><p>I<\/p>\n<p><strong>Prodotti<\/strong><\/p>\n<\/div>\n                    <div class=\"ladama__page__section__article__subtitle\">Una storia di cuore<\/div>\n                <div class=\"ladama__page__section__article__text\">\n            <p>Quando va a fare la spesa, Davide non sa cosa porter\u00e0 con s\u00e9. Quello che sa \u00e8 che vuole prodotti freschi, sani e di stagione. Ha scelto i suoi fornitori. Per quanto possibile, locale. Ha incontrato, valutato e testato tutti gli altri. Ha mantenuto solo coloro che lo hanno impressionato. E ne ha bisogno!<\/p>\n<p>&nbsp;<\/p>\n<p>e' vedendo il pesce fresco sul banco della pescheria, la frutta e la verdura nei campi dei produttori che compone il menu del giorno e della settimana. Se era fiducioso partendo, Davide ritorna dalla spesa contento come un bambino che non vede l'ora di lavorare e \nvalorizzare dei prodotti fantatici !<\/p>\n                <div class=\"ladama__page__section__article__text__section__title\">ci accompagnano<\/div>\n                            <div class=\"ladama__page__section__article__text__section__link__container\">                            <a class=\"ladama__page__section__article__text__section__link\"\n                               href=\"https:\/\/jdcmacon.org\/\"\n                               target=\"_blank\"><p>Les Jardins de Cocagne<\/p>\n<\/a>\n                                                    <a class=\"ladama__page__section__article__text__section__link\"\n                               href=\"https:\/\/www.facebook.com\/profile.php?id=100010592264455\"\n                               target=\"_blank\"><p>Augustin Cuisinier Mara\u00eecher<\/p>\n<\/a>\n                                                    <div class=\"ladama__page__section__article__text__section__link\"><\/div>\n                                        <\/div>\n                            <div class=\"ladama__page__section__article__text__section__button__container\">\n                    <a class=\"ladama__page__section__article__text__section__button\"\n                       href=\"https:\/\/ladama.fr\/it\/la-carte\/\">\n                        Menu                    <\/a>\n                <\/div>\n                    <\/div>\n        <div class=\"ladama__page__section__article__gallery\">\n                                <img decoding=\"async\" src=\"https:\/\/ladama.fr\/wp-content\/uploads\/2022\/07\/Capture-de\u0301cran-3.png\" alt=\"\"\n                         class=\"ladama__page__section__article__gallery__image\">\n                                    <img decoding=\"async\" src=\"https:\/\/ladama.fr\/wp-content\/uploads\/2022\/07\/LaDama-07580-scaled-e1658847640431.jpg\" alt=\"\"\n                         class=\"ladama__page__section__article__gallery__image\">\n                        <\/div>\n    <\/div>\n<\/section>\n\n<section id=\"block_62cc36c86f429\" class=\"ladama__page__section__article\">\n    <div class=\"ladama__page__section__article__content\">\n        <div class=\"ladama__page__section__article__title\"><p>I<\/p>\n<p><strong>Vini<\/strong><\/p>\n<\/div>\n                    <div class=\"ladama__page__section__article__subtitle\">Un'altra storia d'amore<\/div>\n                <div class=\"ladama__page__section__article__text\">\n            <p>La carta dei vini, come la cucina, \u00e8 deliziosa. Selezioni che non siamo abituati a vedere, scoperte, azzardi che vogliono condividere con i loro clienti... M\u00e2connais, Beaujolais, C\u00f4te du Rh\u00f4ne, Borgogna ma anche Chianti, Sicilia... la cantina \u00e8 in continua evoluzione, ci sono cos\u00ec tante cose belle da scoprire e da associare ad ogni piatto!<\/p>\n<p>&nbsp;<\/p>\n<p>Marion conosce i vini come se li avesse prodotti lei. Frequentano tutti i viticoltori bio e biodinamici del posto e rientrando dalle numerose vacanze italiane riempono il baule di flaconi quasi introvabili in Francia. Una carta dei \nvini su misura per ogni cliente e qualsiasi portafoglo !<\/p>\n                <div class=\"ladama__page__section__article__text__section__title\">ci accompagnano<\/div>\n                            <div class=\"ladama__page__section__article__text__section__link__container\">                            <a class=\"ladama__page__section__article__text__section__link\"\n                               href=\"https:\/\/www.tripoz.fr\/\"\n                               target=\"_blank\"><p>Tripoz<\/p>\n<\/a>\n                                                    <a class=\"ladama__page__section__article__text__section__link\"\n                               href=\"https:\/\/www.champagne-ruppert-leroy.com\/\"\n                               target=\"_blank\"><p>Ruppert Leroy<\/p>\n<\/a>\n                                                    <a class=\"ladama__page__section__article__text__section__link\"\n                               href=\"https:\/\/www.casacostepiane.it\/\"\n                               target=\"_blank\"><p><span class=\"ladama__page__section__carte__parties__one__plat__nom\">Casa Coste Piane<\/span><\/p>\n<\/a>\n                                                    <div class=\"ladama__page__section__article__text__section__link\"><p><span class=\"ladama__page__section__carte__parties__one__plat__nom\">Maison Valette<\/span><\/p>\n<\/div>\n                                                    <a class=\"ladama__page__section__article__text__section__link\"\n                               href=\"http:\/\/saumaize-michelin.com\/index.php\/fr\/presentation\/\"\n                               target=\"_blank\"><p><span class=\"ladama__page__section__carte__parties__one__plat__nom\">Saumaize-Michelin\u00a0<\/span><\/p>\n<\/a>\n                                                    <a class=\"ladama__page__section__article__text__section__link\"\n                               href=\"https:\/\/www.domainedelavougeraie.com\/fr\/\"\n                               target=\"_blank\"><p><span class=\"ladama__page__section__carte__parties__one__plat__nom\">Vougeraie<\/span><\/p>\n<\/a>\n                                                    <div class=\"ladama__page__section__article__text__section__link\"><p><span class=\"ladama__page__section__carte__parties__one__plat__nom\">Guillot-Broux<\/span><\/p>\n<\/div>\n                                                    <div class=\"ladama__page__section__article__text__section__link\"><p><span class=\"ladama__page__section__carte__parties__one__plat__nom\">Bertrand<\/span><\/p>\n<\/div>\n                                                    <div class=\"ladama__page__section__article__text__section__link\"><p><span class=\"ladama__page__section__carte__parties__one__plat__nom\">S. Pataille<\/span><\/p>\n<\/div>\n                                                    <div class=\"ladama__page__section__article__text__section__link\"><p><span class=\"ladama__page__section__carte__parties__one__plat__nom\">A. Occhipinti<\/span><\/p>\n<\/div>\n                                                    <div class=\"ladama__page__section__article__text__section__link\"><p><span class=\"ladama__page__section__carte__parties__one__plat__nom\">Gravener<\/span><\/p>\n<\/div>\n                                                    <div class=\"ladama__page__section__article__text__section__link\"><p><span class=\"ladama__page__section__carte__parties__one__plat__nom\">Quintarelli<\/span><\/p>\n<\/div>\n                                        <\/div>\n                            <div class=\"ladama__page__section__article__text__section__button__container\">\n                    <a class=\"ladama__page__section__article__text__section__button\"\n                       href=\"https:\/\/ladama.fr\/it\/les-vins\/\">\n                        Carta dei vini                    <\/a>\n                <\/div>\n                    <\/div>\n        <div class=\"ladama__page__section__article__gallery\">\n                                <img decoding=\"async\" src=\"https:\/\/ladama.fr\/wp-content\/uploads\/2022\/07\/LaDama-07679-retouche\u0301e-scaled.jpg\" alt=\"\"\n                         class=\"ladama__page__section__article__gallery__image\">\n                                    <img decoding=\"async\" src=\"https:\/\/ladama.fr\/wp-content\/uploads\/2022\/07\/LaDama-07687-scaled.jpg\" alt=\"\"\n                         class=\"ladama__page__section__article__gallery__image\">\n                        <\/div>\n    <\/div>\n<\/section>\n\n<section id=\"block_62c55ac46f9f7\" class=\"ladama__page__section__reservation\">\n        <div class=\"ladama__page__section__reservation__button\"\n         onclick=\"window.location.href='https:\/\/ladama.fr\/it\/reservation\/'\">\n        <div class=\"ladama__page__section__reservation__button__img\">\n            <img decoding=\"async\" src=\"https:\/\/ladama.fr\/wp-content\/themes\/ladama\/assets\/img\/icons\/Reservation_white.svg\">\n        <\/div>\n        <div class=\"ladama__page__section__reservation__button__text\">Prenotazione<\/div>\n    <\/div>\n<\/section>","protected":false},"excerpt":{"rendered":"","protected":false},"author":1,"featured_media":0,"parent":0,"menu_order":0,"comment_status":"closed","ping_status":"closed","template":"templates-pages\/template-default.php","meta":{"footnotes":""},"class_list":["post-9","page","type-page","status-publish","hentry"],"acf":[],"yoast_head":"<!-- This site is optimized with the Yoast SEO plugin v19.4 - https:\/\/yoast.com\/wordpress\/plugins\/seo\/ -->\n<title>La Dama | Le restaurant de Davide et Marion \u00e0 M\u00e2con<\/title>\n<meta name=\"description\" content=\"La Dama, le nouveau restaurant n\u00e9o-bistrot de Davide et Marion, au centre-ville de M\u00e2con. Des recettes revisit\u00e9es pour vivre une exp\u00e9rience unique.\" \/>\n<meta name=\"robots\" content=\"index, follow, max-snippet:-1, max-image-preview:large, max-video-preview:-1\" \/>\n<link rel=\"canonical\" href=\"https:\/\/ladama.fr\/it\/\" \/>\n<meta property=\"og:locale\" content=\"it_IT\" \/>\n<meta property=\"og:type\" content=\"article\" \/>\n<meta property=\"og:title\" content=\"La Dama | Le restaurant de Davide et Marion \u00e0 M\u00e2con\" \/>\n<meta property=\"og:description\" content=\"La Dama, le nouveau restaurant n\u00e9o-bistrot de Davide et Marion, au centre-ville de M\u00e2con. Des recettes revisit\u00e9es pour vivre une exp\u00e9rience unique.\" \/>\n<meta property=\"og:url\" content=\"https:\/\/ladama.fr\/it\/\" \/>\n<meta property=\"og:site_name\" content=\"La Dama\" \/>\n<meta property=\"article:publisher\" content=\"https:\/\/www.facebook.com\/restaurantchateaudespoccards\" \/>\n<meta property=\"article:modified_time\" content=\"2026-02-10T13:32:09+00:00\" \/>\n<meta name=\"twitter:card\" content=\"summary_large_image\" \/>\n<script type=\"application\/ld+json\" class=\"yoast-schema-graph\">{\"@context\":\"https:\/\/schema.org\",\"@graph\":[{\"@type\":\"Organization\",\"@id\":\"https:\/\/ladama.fr\/#organization\",\"name\":\"La Dama restaurant\",\"url\":\"https:\/\/ladama.fr\/\",\"sameAs\":[\"https:\/\/www.instagram.com\/restaurant_ladama\/\",\"https:\/\/www.facebook.com\/restaurantchateaudespoccards\"],\"logo\":{\"@type\":\"ImageObject\",\"inLanguage\":\"it-IT\",\"@id\":\"https:\/\/ladama.fr\/#\/schema\/logo\/image\/\",\"url\":\"https:\/\/ladama.fr\/wp-content\/uploads\/2022\/07\/cropped-Sans-titre-1.png\",\"contentUrl\":\"https:\/\/ladama.fr\/wp-content\/uploads\/2022\/07\/cropped-Sans-titre-1.png\",\"width\":512,\"height\":512,\"caption\":\"La Dama restaurant\"},\"image\":{\"@id\":\"https:\/\/ladama.fr\/#\/schema\/logo\/image\/\"}},{\"@type\":\"WebSite\",\"@id\":\"https:\/\/ladama.fr\/#website\",\"url\":\"https:\/\/ladama.fr\/\",\"name\":\"La Dama\",\"description\":\"Le restaurant de Davide et Marion \u00e0 M\u00e2con\",\"publisher\":{\"@id\":\"https:\/\/ladama.fr\/#organization\"},\"potentialAction\":[{\"@type\":\"SearchAction\",\"target\":{\"@type\":\"EntryPoint\",\"urlTemplate\":\"https:\/\/ladama.fr\/?s={search_term_string}\"},\"query-input\":\"required name=search_term_string\"}],\"inLanguage\":\"it-IT\"},{\"@type\":\"WebPage\",\"@id\":\"https:\/\/ladama.fr\/\",\"url\":\"https:\/\/ladama.fr\/\",\"name\":\"La Dama | Le restaurant de Davide et Marion \u00e0 M\u00e2con\",\"isPartOf\":{\"@id\":\"https:\/\/ladama.fr\/#website\"},\"datePublished\":\"2022-07-05T08:18:16+00:00\",\"dateModified\":\"2026-02-10T13:32:09+00:00\",\"description\":\"La Dama, le nouveau restaurant n\u00e9o-bistrot de Davide et Marion, au centre-ville de M\u00e2con. Des recettes revisit\u00e9es pour vivre une exp\u00e9rience unique.\",\"breadcrumb\":{\"@id\":\"https:\/\/ladama.fr\/#breadcrumb\"},\"inLanguage\":\"it-IT\",\"potentialAction\":[{\"@type\":\"ReadAction\",\"target\":[\"https:\/\/ladama.fr\/\"]}]},{\"@type\":\"BreadcrumbList\",\"@id\":\"https:\/\/ladama.fr\/#breadcrumb\",\"itemListElement\":[{\"@type\":\"ListItem\",\"position\":1,\"name\":\"Accueil\",\"item\":\"https:\/\/ladama.fr\/\"},{\"@type\":\"ListItem\",\"position\":2,\"name\":\"Accueil\"}]}]}<\/script>\n<!-- \/ Yoast SEO plugin. -->","yoast_head_json":{"title":"La Dama | Le restaurant de Davide et Marion \u00e0 M\u00e2con","description":"La Dama, le nouveau restaurant n\u00e9o-bistrot de Davide et Marion, au centre-ville de M\u00e2con. Des recettes revisit\u00e9es pour vivre une exp\u00e9rience unique.","robots":{"index":"index","follow":"follow","max-snippet":"max-snippet:-1","max-image-preview":"max-image-preview:large","max-video-preview":"max-video-preview:-1"},"canonical":"https:\/\/ladama.fr\/it\/","og_locale":"it_IT","og_type":"article","og_title":"La Dama | Le restaurant de Davide et Marion \u00e0 M\u00e2con","og_description":"La Dama, le nouveau restaurant n\u00e9o-bistrot de Davide et Marion, au centre-ville de M\u00e2con. Des recettes revisit\u00e9es pour vivre une exp\u00e9rience unique.","og_url":"https:\/\/ladama.fr\/it\/","og_site_name":"La Dama","article_publisher":"https:\/\/www.facebook.com\/restaurantchateaudespoccards","article_modified_time":"2026-02-10T13:32:09+00:00","twitter_card":"summary_large_image","schema":{"@context":"https:\/\/schema.org","@graph":[{"@type":"Organization","@id":"https:\/\/ladama.fr\/#organization","name":"La Dama restaurant","url":"https:\/\/ladama.fr\/","sameAs":["https:\/\/www.instagram.com\/restaurant_ladama\/","https:\/\/www.facebook.com\/restaurantchateaudespoccards"],"logo":{"@type":"ImageObject","inLanguage":"it-IT","@id":"https:\/\/ladama.fr\/#\/schema\/logo\/image\/","url":"https:\/\/ladama.fr\/wp-content\/uploads\/2022\/07\/cropped-Sans-titre-1.png","contentUrl":"https:\/\/ladama.fr\/wp-content\/uploads\/2022\/07\/cropped-Sans-titre-1.png","width":512,"height":512,"caption":"La Dama restaurant"},"image":{"@id":"https:\/\/ladama.fr\/#\/schema\/logo\/image\/"}},{"@type":"WebSite","@id":"https:\/\/ladama.fr\/#website","url":"https:\/\/ladama.fr\/","name":"La Dama","description":"Le restaurant de Davide et Marion \u00e0 M\u00e2con","publisher":{"@id":"https:\/\/ladama.fr\/#organization"},"potentialAction":[{"@type":"SearchAction","target":{"@type":"EntryPoint","urlTemplate":"https:\/\/ladama.fr\/?s={search_term_string}"},"query-input":"required name=search_term_string"}],"inLanguage":"it-IT"},{"@type":"WebPage","@id":"https:\/\/ladama.fr\/","url":"https:\/\/ladama.fr\/","name":"La Dama | Le restaurant de Davide et Marion \u00e0 M\u00e2con","isPartOf":{"@id":"https:\/\/ladama.fr\/#website"},"datePublished":"2022-07-05T08:18:16+00:00","dateModified":"2026-02-10T13:32:09+00:00","description":"La Dama, le nouveau restaurant n\u00e9o-bistrot de Davide et Marion, au centre-ville de M\u00e2con. Des recettes revisit\u00e9es pour vivre une exp\u00e9rience unique.","breadcrumb":{"@id":"https:\/\/ladama.fr\/#breadcrumb"},"inLanguage":"it-IT","potentialAction":[{"@type":"ReadAction","target":["https:\/\/ladama.fr\/"]}]},{"@type":"BreadcrumbList","@id":"https:\/\/ladama.fr\/#breadcrumb","itemListElement":[{"@type":"ListItem","position":1,"name":"Accueil","item":"https:\/\/ladama.fr\/"},{"@type":"ListItem","position":2,"name":"Accueil"}]}]}},"_links":{"self":[{"href":"https:\/\/ladama.fr\/it\/wp-json\/wp\/v2\/pages\/9","targetHints":{"allow":["GET"]}}],"collection":[{"href":"https:\/\/ladama.fr\/it\/wp-json\/wp\/v2\/pages"}],"about":[{"href":"https:\/\/ladama.fr\/it\/wp-json\/wp\/v2\/types\/page"}],"author":[{"embeddable":true,"href":"https:\/\/ladama.fr\/it\/wp-json\/wp\/v2\/users\/1"}],"replies":[{"embeddable":true,"href":"https:\/\/ladama.fr\/it\/wp-json\/wp\/v2\/comments?post=9"}],"version-history":[{"count":176,"href":"https:\/\/ladama.fr\/it\/wp-json\/wp\/v2\/pages\/9\/revisions"}],"predecessor-version":[{"id":157320,"href":"https:\/\/ladama.fr\/it\/wp-json\/wp\/v2\/pages\/9\/revisions\/157320"}],"wp:attachment":[{"href":"https:\/\/ladama.fr\/it\/wp-json\/wp\/v2\/media?parent=9"}],"curies":[{"name":"wp","href":"https:\/\/api.w.org\/{rel}","templated":true}]}}