{"id":95,"date":"2022-07-06T11:57:38","date_gmt":"2022-07-06T09:57:38","guid":{"rendered":"https:\/\/ladama.fr\/?page_id=95"},"modified":"2023-05-10T11:31:02","modified_gmt":"2023-05-10T09:31:02","slug":"reservation","status":"publish","type":"page","link":"https:\/\/ladama.fr\/it\/reservation\/","title":{"rendered":"R\u00e9servation &#8211; Contact"},"content":{"rendered":"","protected":false},"excerpt":{"rendered":"","protected":false},"author":1,"featured_media":0,"parent":0,"menu_order":0,"comment_status":"closed","ping_status":"closed","template":"","meta":{"footnotes":""},"class_list":["post-95","page","type-page","status-publish","hentry"],"acf":[],"yoast_head":"<!-- This site is optimized with the Yoast SEO plugin v19.4 - https:\/\/yoast.com\/wordpress\/plugins\/seo\/ -->\n<title>La Dama | R\u00e9servation - Contact<\/title>\n<meta name=\"description\" content=\"La Dama, le nouveau restaurant de Davide et Marion, au centre-ville de M\u00e2con. Des recettes revisit\u00e9es pour vivre une exp\u00e9rience unique.\" \/>\n<meta name=\"robots\" content=\"index, follow, max-snippet:-1, max-image-preview:large, max-video-preview:-1\" \/>\n<link rel=\"canonical\" href=\"https:\/\/ladama.fr\/it\/reservation\/\" \/>\n<meta property=\"og:locale\" content=\"it_IT\" \/>\n<meta property=\"og:type\" content=\"article\" \/>\n<meta property=\"og:title\" content=\"La Dama | R\u00e9servation - Contact\" \/>\n<meta property=\"og:description\" content=\"La Dama, le nouveau restaurant de Davide et Marion, au centre-ville de M\u00e2con. Des recettes revisit\u00e9es pour vivre une exp\u00e9rience unique.\" \/>\n<meta property=\"og:url\" content=\"https:\/\/ladama.fr\/it\/reservation\/\" \/>\n<meta property=\"og:site_name\" content=\"La Dama\" \/>\n<meta property=\"article:publisher\" content=\"https:\/\/www.facebook.com\/restaurantchateaudespoccards\" \/>\n<meta property=\"article:modified_time\" content=\"2023-05-10T09:31:02+00:00\" \/>\n<meta name=\"twitter:card\" content=\"summary_large_image\" \/>\n<script type=\"application\/ld+json\" class=\"yoast-schema-graph\">{\"@context\":\"https:\/\/schema.org\",\"@graph\":[{\"@type\":\"Organization\",\"@id\":\"https:\/\/ladama.fr\/#organization\",\"name\":\"La Dama restaurant\",\"url\":\"https:\/\/ladama.fr\/\",\"sameAs\":[\"https:\/\/www.instagram.com\/restaurant_ladama\/\",\"https:\/\/www.facebook.com\/restaurantchateaudespoccards\"],\"logo\":{\"@type\":\"ImageObject\",\"inLanguage\":\"it-IT\",\"@id\":\"https:\/\/ladama.fr\/#\/schema\/logo\/image\/\",\"url\":\"https:\/\/ladama.fr\/wp-content\/uploads\/2022\/07\/cropped-Sans-titre-1.png\",\"contentUrl\":\"https:\/\/ladama.fr\/wp-content\/uploads\/2022\/07\/cropped-Sans-titre-1.png\",\"width\":512,\"height\":512,\"caption\":\"La Dama restaurant\"},\"image\":{\"@id\":\"https:\/\/ladama.fr\/#\/schema\/logo\/image\/\"}},{\"@type\":\"WebSite\",\"@id\":\"https:\/\/ladama.fr\/#website\",\"url\":\"https:\/\/ladama.fr\/\",\"name\":\"La Dama\",\"description\":\"Le restaurant de Davide et Marion \u00e0 M\u00e2con\",\"publisher\":{\"@id\":\"https:\/\/ladama.fr\/#organization\"},\"potentialAction\":[{\"@type\":\"SearchAction\",\"target\":{\"@type\":\"EntryPoint\",\"urlTemplate\":\"https:\/\/ladama.fr\/?s={search_term_string}\"},\"query-input\":\"required name=search_term_string\"}],\"inLanguage\":\"it-IT\"},{\"@type\":\"WebPage\",\"@id\":\"https:\/\/ladama.fr\/reservation\/\",\"url\":\"https:\/\/ladama.fr\/reservation\/\",\"name\":\"La Dama | R\u00e9servation - Contact\",\"isPartOf\":{\"@id\":\"https:\/\/ladama.fr\/#website\"},\"datePublished\":\"2022-07-06T09:57:38+00:00\",\"dateModified\":\"2023-05-10T09:31:02+00:00\",\"description\":\"La Dama, le nouveau restaurant de Davide et Marion, au centre-ville de M\u00e2con. Des recettes revisit\u00e9es pour vivre une exp\u00e9rience unique.\",\"breadcrumb\":{\"@id\":\"https:\/\/ladama.fr\/reservation\/#breadcrumb\"},\"inLanguage\":\"it-IT\",\"potentialAction\":[{\"@type\":\"ReadAction\",\"target\":[\"https:\/\/ladama.fr\/reservation\/\"]}]},{\"@type\":\"BreadcrumbList\",\"@id\":\"https:\/\/ladama.fr\/reservation\/#breadcrumb\",\"itemListElement\":[{\"@type\":\"ListItem\",\"position\":1,\"name\":\"Accueil\",\"item\":\"https:\/\/ladama.fr\/\"},{\"@type\":\"ListItem\",\"position\":2,\"name\":\"R\u00e9servation &#8211; Contact\"}]}]}<\/script>\n<!-- \/ Yoast SEO plugin. -->","yoast_head_json":{"title":"La Dama | R\u00e9servation - Contact","description":"La Dama, le nouveau restaurant de Davide et Marion, au centre-ville de M\u00e2con. Des recettes revisit\u00e9es pour vivre une exp\u00e9rience unique.","robots":{"index":"index","follow":"follow","max-snippet":"max-snippet:-1","max-image-preview":"max-image-preview:large","max-video-preview":"max-video-preview:-1"},"canonical":"https:\/\/ladama.fr\/it\/reservation\/","og_locale":"it_IT","og_type":"article","og_title":"La Dama | R\u00e9servation - Contact","og_description":"La Dama, le nouveau restaurant de Davide et Marion, au centre-ville de M\u00e2con. Des recettes revisit\u00e9es pour vivre une exp\u00e9rience unique.","og_url":"https:\/\/ladama.fr\/it\/reservation\/","og_site_name":"La Dama","article_publisher":"https:\/\/www.facebook.com\/restaurantchateaudespoccards","article_modified_time":"2023-05-10T09:31:02+00:00","twitter_card":"summary_large_image","schema":{"@context":"https:\/\/schema.org","@graph":[{"@type":"Organization","@id":"https:\/\/ladama.fr\/#organization","name":"La Dama restaurant","url":"https:\/\/ladama.fr\/","sameAs":["https:\/\/www.instagram.com\/restaurant_ladama\/","https:\/\/www.facebook.com\/restaurantchateaudespoccards"],"logo":{"@type":"ImageObject","inLanguage":"it-IT","@id":"https:\/\/ladama.fr\/#\/schema\/logo\/image\/","url":"https:\/\/ladama.fr\/wp-content\/uploads\/2022\/07\/cropped-Sans-titre-1.png","contentUrl":"https:\/\/ladama.fr\/wp-content\/uploads\/2022\/07\/cropped-Sans-titre-1.png","width":512,"height":512,"caption":"La Dama restaurant"},"image":{"@id":"https:\/\/ladama.fr\/#\/schema\/logo\/image\/"}},{"@type":"WebSite","@id":"https:\/\/ladama.fr\/#website","url":"https:\/\/ladama.fr\/","name":"La Dama","description":"Le restaurant de Davide et Marion \u00e0 M\u00e2con","publisher":{"@id":"https:\/\/ladama.fr\/#organization"},"potentialAction":[{"@type":"SearchAction","target":{"@type":"EntryPoint","urlTemplate":"https:\/\/ladama.fr\/?s={search_term_string}"},"query-input":"required name=search_term_string"}],"inLanguage":"it-IT"},{"@type":"WebPage","@id":"https:\/\/ladama.fr\/reservation\/","url":"https:\/\/ladama.fr\/reservation\/","name":"La Dama | R\u00e9servation - Contact","isPartOf":{"@id":"https:\/\/ladama.fr\/#website"},"datePublished":"2022-07-06T09:57:38+00:00","dateModified":"2023-05-10T09:31:02+00:00","description":"La Dama, le nouveau restaurant de Davide et Marion, au centre-ville de M\u00e2con. Des recettes revisit\u00e9es pour vivre une exp\u00e9rience unique.","breadcrumb":{"@id":"https:\/\/ladama.fr\/reservation\/#breadcrumb"},"inLanguage":"it-IT","potentialAction":[{"@type":"ReadAction","target":["https:\/\/ladama.fr\/reservation\/"]}]},{"@type":"BreadcrumbList","@id":"https:\/\/ladama.fr\/reservation\/#breadcrumb","itemListElement":[{"@type":"ListItem","position":1,"name":"Accueil","item":"https:\/\/ladama.fr\/"},{"@type":"ListItem","position":2,"name":"R\u00e9servation &#8211; Contact"}]}]}},"_links":{"self":[{"href":"https:\/\/ladama.fr\/it\/wp-json\/wp\/v2\/pages\/95","targetHints":{"allow":["GET"]}}],"collection":[{"href":"https:\/\/ladama.fr\/it\/wp-json\/wp\/v2\/pages"}],"about":[{"href":"https:\/\/ladama.fr\/it\/wp-json\/wp\/v2\/types\/page"}],"author":[{"embeddable":true,"href":"https:\/\/ladama.fr\/it\/wp-json\/wp\/v2\/users\/1"}],"replies":[{"embeddable":true,"href":"https:\/\/ladama.fr\/it\/wp-json\/wp\/v2\/comments?post=95"}],"version-history":[{"count":11,"href":"https:\/\/ladama.fr\/it\/wp-json\/wp\/v2\/pages\/95\/revisions"}],"predecessor-version":[{"id":24639,"href":"https:\/\/ladama.fr\/it\/wp-json\/wp\/v2\/pages\/95\/revisions\/24639"}],"wp:attachment":[{"href":"https:\/\/ladama.fr\/it\/wp-json\/wp\/v2\/media?parent=95"}],"curies":[{"name":"wp","href":"https:\/\/api.w.org\/{rel}","templated":true}]}}